{"id":1376,"date":"2025-10-14T12:26:19","date_gmt":"2025-10-14T12:26:19","guid":{"rendered":"https:\/\/leoboat.com\/rooms-3\/"},"modified":"2026-02-24T13:19:35","modified_gmt":"2026-02-24T13:19:35","slug":"rooms-3","status":"publish","type":"page","link":"https:\/\/leoboat.com\/en\/rooms-3\/","title":{"rendered":"Boats"},"content":{"rendered":"<div data-elementor-type=\"wp-page\" data-elementor-id=\"1376\" class=\"elementor elementor-1376\">\n\t\t\t\t<div class=\"elementor-element elementor-element-12679536 e-flex e-con-boxed e-con e-parent\" data-id=\"12679536\" data-element_type=\"container\" data-e-type=\"container\">\n\t\t\t\t\t<div class=\"e-con-inner\">\n\t\t\t\t<div class=\"elementor-element elementor-element-1738cca9 elementor-widget elementor-widget-text-editor\" data-id=\"1738cca9\" data-element_type=\"widget\" data-e-type=\"widget\" data-widget_type=\"text-editor.default\">\n\t\t\t\t\t\t\t\t\t\n<div class=\"wp-block-uagb-container uagb-block-7c352cae alignfull uagb-is-root-container\">\n<div class=\"uagb-container-inner-blocks-wrap\">\n<div class=\"wp-block-uagb-advanced-heading uagb-block-22a9840d\">\n<h1 class=\"uagb-heading-text\">Our boats<\/h1>\n<p class=\"uagb-desc-text\">If you\u2019re looking for the perfect way to enjoy the French Riviera, step aboard one of our boats. Our <strong data-start=\"171\" data-end=\"206\">modern and fully equipped fleet<\/strong> offers both <strong data-start=\"219\" data-end=\"244\">comfort and adventure<\/strong> at sea. Take a closer look at our boats and choose the one that fits your mood \u2014 whether you want to <strong data-start=\"346\" data-end=\"369\">relax under the sun<\/strong>, <strong data-start=\"371\" data-end=\"399\">explore turquoise waters<\/strong>, or <strong data-start=\"404\" data-end=\"430\">celebrate with friends<\/strong>.<\/p>\n<\/div>\n<\/div>\n<\/div>\n\n<div class=\"wp-block-uagb-container uagb-block-096914e0 alignfull uagb-is-root-container\">\n<div class=\"uagb-container-inner-blocks-wrap\">\n<div class=\"wp-block-uagb-call-to-action uagb-block-16855b17 wp-block-button\">\n<div class=\"uagb-cta__wrap\">\n<h2 class=\"uagb-cta__title\">Come &amp; Sail With Us<\/h2>\n<p class=\"uagb-cta__desc\">Discover the French Riviera from the sea aboard our <strong data-start=\"138\" data-end=\"170\" data-is-only-node=\"\">modern and comfortable boats<\/strong>. Each one is designed to offer the perfect mix of <strong data-start=\"221\" data-end=\"243\">relaxation and fun<\/strong>, whether you\u2019re exploring the turquoise waters of the L\u00e9rins Islands, enjoying water toys, or simply soaking up the sun on deck. <strong data-start=\"373\" data-end=\"424\">Step on board and make the sea your playground!<\/strong><\/p>\n<\/div>\n<div class=\"uagb-cta__buttons\"><a class=\"uagb-cta__button-link-wrapper wp-block-button__link\" href=\"#\" target=\"_self\" rel=\"noopener noreferrer\">View all<\/a><\/div>\n<\/div>\n<div class=\"wp-block-uagb-container uagb-layout-grid uagb-block-3a9722c6\">\n<div class=\"wp-block-uagb-info-box uagb-block-8b274a1e uagb-infobox__content-wrap  uagb-infobox-icon-above-title uagb-infobox-image-valign-top\">\n<div class=\"uagb-ifb-content\">\n<div class=\"uagb-ifb-image-content\"><img fetchpriority=\"high\" decoding=\"async\" class=\"alignnone wp-image-1581 size-full\" src=\"https:\/\/leoboat.com\/wp-content\/uploads\/2025\/10\/Capture-decran-2024-07-06-a-21.23.35.png\" alt=\"sea ray SDX 270 \" width=\"1970\" height=\"1304\" title=\"Boats\" srcset=\"https:\/\/leoboat.com\/wp-content\/uploads\/2025\/10\/Capture-decran-2024-07-06-a-21.23.35.png 1970w, https:\/\/leoboat.com\/wp-content\/uploads\/2025\/10\/Capture-decran-2024-07-06-a-21.23.35-300x199.png 300w, https:\/\/leoboat.com\/wp-content\/uploads\/2025\/10\/Capture-decran-2024-07-06-a-21.23.35-1024x678.png 1024w, https:\/\/leoboat.com\/wp-content\/uploads\/2025\/10\/Capture-decran-2024-07-06-a-21.23.35-768x508.png 768w, https:\/\/leoboat.com\/wp-content\/uploads\/2025\/10\/Capture-decran-2024-07-06-a-21.23.35-1536x1017.png 1536w, https:\/\/leoboat.com\/wp-content\/uploads\/2025\/10\/Capture-decran-2024-07-06-a-21.23.35-18x12.png 18w\" sizes=\"(max-width: 1970px) 100vw, 1970px\" \/><\/div>\n<div class=\"uagb-ifb-title-wrap\">\n<table style=\"height: 303px;\" width=\"378\" cellpadding=\"0.\">\n<tbody>\n<tr style=\"height: 127px;\">\n<td style=\"width: 89.510872px; height: 127px;\" valign=\"top\">\n<p>M\/Y LUNA<\/p>\n<\/td>\n<td style=\"width: 93.614136px; height: 127px;\" valign=\"top\">\n<p>1\/2 journ\u00e9e &#8211; 4 h<\/p>\n<\/td>\n<td style=\"width: 90.448372px; height: 127px;\" valign=\"top\">\n<p>Journ\u00e9e &#8211; 8 h<\/p>\n<\/td>\n<td style=\"width: 101.440216px; height: 127px;\" valign=\"top\">\n<p>Soir\u00e9e &#8211; 4h<\/p>\n<\/td>\n<\/tr>\n<tr style=\"height: 98px;\">\n<td style=\"width: 89.510872px; height: 98px;\" valign=\"top\">\n<p>TARIFS<\/p>\n<\/td>\n<td style=\"width: 93.614136px; height: 98px;\" valign=\"top\">\n<p>800 \u20ac<\/p>\n<\/td>\n<td style=\"width: 90.448372px; height: 98px;\" valign=\"top\">\n<p>1350 \u20ac<\/p>\n<\/td>\n<td style=\"width: 101.440216px; height: 98px;\" valign=\"top\">\n<p>700 \u20ac<\/p>\n<\/td>\n<\/tr>\n<tr style=\"height: 68px;\">\n<td style=\"width: 93.614136px; height: 68px;\" valign=\"top\">\n<p>Capacit\u00e9<\/p>\n<\/td>\n<td style=\"width: 90.448372px; height: 68px;\" valign=\"top\">\u00a0<\/td>\n<td style=\"width: 101.440216px; height: 68px;\" valign=\"top\">\n<p>Longueur<\/p>\n<\/td>\n<\/tr>\n<tr style=\"height: 10px;\">\n<td style=\"width: 89.510872px; height: 10px;\" valign=\"top\">\u00a0 \u00a011 pax<\/td>\n<td style=\"width: 93.614136px; height: 10px;\" valign=\"top\">\n<p>\u00a0<\/p>\n<\/td>\n<td style=\"width: 101.440216px; height: 10px;\" valign=\"top\">\n<p>9 m<\/p>\n<\/td>\n<\/tr>\n<\/tbody>\n<\/table>\n<h3 class=\"uagb-ifb-title\">\u00a0<\/h3>\n<\/div>\n<p class=\"uagb-ifb-desc\">A <strong data-start=\"66\" data-end=\"101\">luxurious and spacious day boat<\/strong> offering comfort, style, and performance. Perfect for large groups.<\/p>\n<\/div>\n<\/div>\n<p>\u00a0<\/p>\n<div class=\"wp-block-uagb-info-box uagb-block-8b274a1e uagb-infobox__content-wrap  uagb-infobox-icon-above-title uagb-infobox-image-valign-top\">\n<div class=\"uagb-ifb-content\">\n<div class=\"uagb-ifb-button-wrapper wp-block-button\"><a class=\"uagb-infobox-cta-link\" href=\"#\" target=\"_self\" rel=\"noopener noreferrer\"><span class=\"uagb-inline-editing\">READ MORE<\/span><\/a><\/div>\n<\/div>\n<\/div>\n<div class=\"wp-block-uagb-info-box uagb-block-328511d9 uagb-infobox__content-wrap  uagb-infobox-icon-above-title uagb-infobox-image-valign-top\">\n<div class=\"uagb-ifb-content\">\n<div class=\"uagb-ifb-image-content\"><img decoding=\"async\" class=\"alignnone wp-image-1582\" src=\"https:\/\/leoboat.com\/wp-content\/uploads\/2025\/10\/66451f0c3b6ec-l.webp\" alt=\"boat four Winns HD5\" width=\"187\" height=\"187\" title=\"Boats\" srcset=\"https:\/\/leoboat.com\/wp-content\/uploads\/2025\/10\/66451f0c3b6ec-l.webp 1080w, https:\/\/leoboat.com\/wp-content\/uploads\/2025\/10\/66451f0c3b6ec-l-300x300.webp 300w, https:\/\/leoboat.com\/wp-content\/uploads\/2025\/10\/66451f0c3b6ec-l-1024x1024.webp 1024w, https:\/\/leoboat.com\/wp-content\/uploads\/2025\/10\/66451f0c3b6ec-l-150x150.webp 150w, https:\/\/leoboat.com\/wp-content\/uploads\/2025\/10\/66451f0c3b6ec-l-768x768.webp 768w, https:\/\/leoboat.com\/wp-content\/uploads\/2025\/10\/66451f0c3b6ec-l-12x12.webp 12w\" sizes=\"(max-width: 187px) 100vw, 187px\" \/><\/div>\n<div class=\"uagb-ifb-title-wrap\">\n<h3 class=\"uagb-ifb-title\">Four Winns<\/h3>\n<\/div>\n<p class=\"uagb-ifb-desc\">A <strong data-start=\"95\" data-end=\"120\">sleek and sporty boat<\/strong> with plenty of space to relax<\/p>\n<div class=\"uagb-ifb-button-wrapper wp-block-button\"><a class=\"uagb-infobox-cta-link\" href=\"#\" target=\"_self\" rel=\"noopener noreferrer\"><span class=\"uagb-inline-editing\">READ MORE<\/span><\/a><\/div>\n<\/div>\n<\/div>\n<div class=\"wp-block-uagb-info-box uagb-block-b7ae4e19 uagb-infobox__content-wrap  uagb-infobox-icon-above-title uagb-infobox-image-valign-top\">\n<div class=\"uagb-ifb-content\">\n<div class=\"uagb-ifb-image-content\"><img decoding=\"async\" class=\"alignnone wp-image-1584 size-full\" src=\"https:\/\/leoboat.com\/wp-content\/uploads\/2025\/10\/bb1a2183.webp\" alt=\"boat flyer 7.7\" width=\"1440\" height=\"810\" title=\"Boats\" srcset=\"https:\/\/leoboat.com\/wp-content\/uploads\/2025\/10\/bb1a2183.webp 1440w, https:\/\/leoboat.com\/wp-content\/uploads\/2025\/10\/bb1a2183-300x169.webp 300w, https:\/\/leoboat.com\/wp-content\/uploads\/2025\/10\/bb1a2183-1024x576.webp 1024w, https:\/\/leoboat.com\/wp-content\/uploads\/2025\/10\/bb1a2183-768x432.webp 768w, https:\/\/leoboat.com\/wp-content\/uploads\/2025\/10\/bb1a2183-18x10.webp 18w\" sizes=\"(max-width: 1440px) 100vw, 1440px\" \/><\/div>\n<div class=\"uagb-ifb-title-wrap\">\n<h3 class=\"uagb-ifb-title\">Beneteau Flyer SunDeck\u200b<\/h3>\n<\/div>\n<p class=\"uagb-ifb-desc\"><strong data-start=\"87\" data-end=\"119\" data-is-only-node=\"\">Comfortable boat<\/strong> offering an <strong data-start=\"174\" data-end=\"199\">enormous front sunbed<\/strong> perfect for relaxing under the Riviera sun.<\/p>\n<div>\u00a0<\/div>\n<div>\u00a0<\/div>\n<div>\u00a0<\/div>\n<div>\u00a0<\/div>\n<div class=\"uagb-ifb-button-wrapper wp-block-button\"><span class=\"uagb-inline-editing\"><a class=\"uagb-infobox-cta-link\" href=\"#\" target=\"_self\" rel=\"noopener noreferrer\">READ MORE<\/a><\/span><\/div>\n<\/div>\n<\/div>\n<div class=\"wp-block-uagb-info-box uagb-block-da9d69e8 uagb-infobox__content-wrap  uagb-infobox-icon-above-title uagb-infobox-image-valign-top\">\n<div class=\"uagb-ifb-content\">\n<div class=\"uagb-ifb-title-wrap\">\n<h3>\u00a0<\/h3>\n<h3 class=\"uagb-ifb-title\"><img loading=\"lazy\" decoding=\"async\" class=\"alignnone size-full wp-image-1711\" src=\"https:\/\/leoboat.com\/wp-content\/uploads\/2025\/12\/2021-saxdor-320-gto-power-9984042-20251018070249170-3.jpg\" alt=\"2021 saxdor 320 gto power 9984042 20251018070249170 3\" width=\"900\" height=\"600\" title=\"Boats\" srcset=\"https:\/\/leoboat.com\/wp-content\/uploads\/2025\/12\/2021-saxdor-320-gto-power-9984042-20251018070249170-3.jpg 900w, https:\/\/leoboat.com\/wp-content\/uploads\/2025\/12\/2021-saxdor-320-gto-power-9984042-20251018070249170-3-300x200.jpg 300w, https:\/\/leoboat.com\/wp-content\/uploads\/2025\/12\/2021-saxdor-320-gto-power-9984042-20251018070249170-3-768x512.jpg 768w, https:\/\/leoboat.com\/wp-content\/uploads\/2025\/12\/2021-saxdor-320-gto-power-9984042-20251018070249170-3-18x12.jpg 18w\" sizes=\"(max-width: 900px) 100vw, 900px\" \/><\/h3>\n<table cellspacing=\"0\" cellpadding=\"0\">\n<tbody>\n<tr>\n<td valign=\"top\">\n<p>M\/Y LEON<\/p>\n<\/td>\n<td valign=\"top\">\n<p>1\/2 journ\u00e9e &#8211; 4 h<\/p>\n<\/td>\n<td valign=\"top\">\n<p>Journ\u00e9e &#8211; 8 h<\/p>\n<\/td>\n<td valign=\"top\">\n<p>Soir\u00e9e &#8211; 4h<\/p>\n<\/td>\n<\/tr>\n<tr>\n<td valign=\"top\">\n<p>TARIFS<\/p>\n<\/td>\n<td valign=\"top\">\n<p>1200 \u20ac<\/p>\n<\/td>\n<td valign=\"top\">\n<p>2000 \u20ac<\/p>\n<\/td>\n<td valign=\"top\">\n<p>1000 \u20ac<\/p>\n<\/td>\n<\/tr>\n<tr>\n<td valign=\"top\">\n<p>Capacit\u00e9<\/p>\n<\/td>\n<td valign=\"top\">\u00a0<\/td>\n<td valign=\"top\">\n<p>Longueur<\/p>\n<\/td>\n<\/tr>\n<tr>\n<td valign=\"top\">\u00a0<\/td>\n<td valign=\"top\">\n<p>8 pax<\/p>\n<\/td>\n<td valign=\"top\">\n<p>11 m<\/p>\n<\/td>\n<\/tr>\n<\/tbody>\n<\/table>\n<h3 class=\"uagb-ifb-title\">\u00a0<\/h3>\n<\/div>\n<p class=\"uagb-ifb-desc\">A <strong data-start=\"66\" data-end=\"101\">luxurious and spacious day boat<\/strong> offering comfort, style, and performance.<\/p>\n<div class=\"uagb-ifb-button-wrapper wp-block-button\"><a class=\"uagb-infobox-cta-link\" href=\"#\" target=\"_self\" rel=\"noopener noreferrer\"><span class=\"uagb-inline-editing\">READ MORE<\/span><\/a><\/div>\n<\/div>\n<\/div>\n<\/div>\n<\/div>\n<\/div>\n<div class=\"uagb-ifb-content\">\n<h3><strong data-start=\"114\" data-end=\"143\">Tarifs \u2013 D\u00e9part de Cannes<\/strong><\/h3>\n<h4 data-start=\"145\" data-end=\"174\"><strong data-start=\"150\" data-end=\"174\">Prestations incluses<\/strong><\/h4>\n<ul data-start=\"175\" data-end=\"355\">\n<li data-start=\"175\" data-end=\"240\">\n<p data-start=\"177\" data-end=\"240\">Carburant pour une <strong data-start=\"196\" data-end=\"240\">croisi\u00e8re priv\u00e9e vers les \u00eeles de L\u00e9rins<\/strong><\/p>\n<\/li>\n<li data-start=\"241\" data-end=\"279\">\n<p data-start=\"243\" data-end=\"279\">\u00c9quipement de <strong data-start=\"257\" data-end=\"279\">snorkeling premium<\/strong><\/p>\n<\/li>\n<li data-start=\"280\" data-end=\"298\">\n<p data-start=\"282\" data-end=\"298\"><strong data-start=\"282\" data-end=\"298\">Paddle board<\/strong><\/p>\n<\/li>\n<li data-start=\"299\" data-end=\"328\">\n<p data-start=\"301\" data-end=\"328\"><strong data-start=\"301\" data-end=\"328\">Eaux min\u00e9rales fra\u00eeches<\/strong><\/p>\n<\/li>\n<li data-start=\"329\" data-end=\"355\">\n<p data-start=\"331\" data-end=\"355\"><strong data-start=\"331\" data-end=\"355\">Une bouteille de vin<\/strong><\/p>\n<\/li>\n<\/ul>\n<h4 data-start=\"357\" data-end=\"385\"><strong data-start=\"362\" data-end=\"385\">Service obligatoire<\/strong><\/h4>\n<ul data-start=\"386\" data-end=\"475\">\n<li data-start=\"386\" data-end=\"475\">\n<p data-start=\"388\" data-end=\"413\"><strong data-start=\"388\" data-end=\"413\">Skipper professionnel<\/strong><\/p>\n<\/li>\n<\/ul>\n<h4 data-start=\"477\" data-end=\"507\"><strong data-start=\"482\" data-end=\"507\">Options &amp; exp\u00e9riences<\/strong><\/h4>\n<ul data-start=\"508\" data-end=\"632\">\n<li data-start=\"508\" data-end=\"538\">\n<p data-start=\"510\" data-end=\"538\"><strong data-start=\"510\" data-end=\"520\">Seabob<\/strong> : 200 \u20ac \/ unit\u00e9<\/p>\n<\/li>\n<li data-start=\"539\" data-end=\"589\">\n<p data-start=\"541\" data-end=\"589\"><strong data-start=\"541\" data-end=\"579\">Navigation \u00e9tendue \u2013 Cap d\u2019Antibes<\/strong> : 150 \u20ac<\/p>\n<\/li>\n<li data-start=\"590\" data-end=\"632\">\n<p data-start=\"592\" data-end=\"632\"><strong data-start=\"592\" data-end=\"624\">Navigation \u00e9tendue \u2013 Est\u00e9rel<\/strong> : 200 \u20ac<\/p>\n<\/li>\n<\/ul>\n<\/div>\n<div class=\"wp-block-uagb-container uagb-block-1f28a61c alignfull uagb-is-root-container\">\n<div class=\"uagb-container-inner-blocks-wrap\">\n<div class=\"wp-block-uagb-advanced-heading uagb-block-e9b34881\">\n<h2 class=\"uagb-heading-text\">Plan an Unforgettable Experience on the French Riviera!<\/h2>\n<p class=\"uagb-desc-text\">We\u2019ll help you create the <strong data-start=\"151\" data-end=\"173\" data-is-only-node=\"\">perfect day at sea<\/strong>, tailored to your wishes and budget. Whether you\u2019re looking to <strong data-start=\"237\" data-end=\"269\">relax, explore, or celebrate<\/strong>, our boats and crew ensure an <strong data-start=\"300\" data-end=\"328\">unforgettable experience<\/strong> on the Mediterranean.<\/p>\n<\/div>\n\n<div class=\"wp-block-uagb-advanced-heading uagb-block-29010135\">\n<p class=\"uagb-desc-text\">BOOK YOUR TOUR NOW<\/p>\n<\/div>\n\n<div class=\"wp-block-uagb-icon-list uagb-block-a9bc6f94\">\n<div class=\"uagb-icon-list__wrap\">\n<div class=\"wp-block-uagb-icon-list-child uagb-block-fc9d43a1\"><span class=\"uagb-icon-list__label\">+33 6 100 200 10<\/span><\/div>\n<\/div>\n<\/div>\n<\/div>\n<\/div>\n<!-- \/wp:uagb\/container --><!-- wp:paragraph -->\n<p>\u00a0<\/p>\n<!-- \/wp:paragraph -->\t\t\t\t\t\t\t\t<\/div>\n\t\t\t\t\t<\/div>\n\t\t\t\t<\/div>\n\t\t\t\t<\/div>","protected":false},"excerpt":{"rendered":"<p>Nos Bateaux If you\u2019re looking for the perfect way to enjoy the French Riviera, step aboard one of our boats. Our modern and fully equipped fleet offers both comfort and adventure at sea. Take a closer look at our boats and choose the one that fits your mood \u2014 whether you want to relax under [&hellip;]<\/p>\n","protected":false},"author":1,"featured_media":0,"parent":0,"menu_order":0,"comment_status":"closed","ping_status":"closed","template":"","meta":{"_surecart_dashboard_logo_width":"180px","_surecart_dashboard_show_logo":true,"_surecart_dashboard_navigation_orders":true,"_surecart_dashboard_navigation_invoices":true,"_surecart_dashboard_navigation_subscriptions":true,"_surecart_dashboard_navigation_downloads":true,"_surecart_dashboard_navigation_billing":true,"_surecart_dashboard_navigation_account":true,"_uag_custom_page_level_css":"","site-sidebar-layout":"no-sidebar","site-content-layout":"plain-container","ast-site-content-layout":"normal-width-container","site-content-style":"unboxed","site-sidebar-style":"unboxed","ast-global-header-display":"","ast-banner-title-visibility":"","ast-main-header-display":"","ast-hfb-above-header-display":"","ast-hfb-below-header-display":"","ast-hfb-mobile-header-display":"","site-post-title":"disabled","ast-breadcrumbs-content":"","ast-featured-img":"disabled","footer-sml-layout":"","ast-disable-related-posts":"","theme-transparent-header-meta":"enabled","adv-header-id-meta":"","stick-header-meta":"","header-above-stick-meta":"","header-main-stick-meta":"","header-below-stick-meta":"","astra-migrate-meta-layouts":"set","ast-page-background-enabled":"default","ast-page-background-meta":{"desktop":{"background-color":"var(--ast-global-color-4)","background-image":"","background-repeat":"repeat","background-position":"center center","background-size":"auto","background-attachment":"scroll","background-type":"","background-media":"","overlay-type":"","overlay-color":"","overlay-opacity":"","overlay-gradient":""},"tablet":{"background-color":"","background-image":"","background-repeat":"repeat","background-position":"center center","background-size":"auto","background-attachment":"scroll","background-type":"","background-media":"","overlay-type":"","overlay-color":"","overlay-opacity":"","overlay-gradient":""},"mobile":{"background-color":"","background-image":"","background-repeat":"repeat","background-position":"center center","background-size":"auto","background-attachment":"scroll","background-type":"","background-media":"","overlay-type":"","overlay-color":"","overlay-opacity":"","overlay-gradient":""}},"ast-content-background-meta":{"desktop":{"background-color":"var(--ast-global-color-5)","background-image":"","background-repeat":"repeat","background-position":"center center","background-size":"auto","background-attachment":"scroll","background-type":"","background-media":"","overlay-type":"","overlay-color":"","overlay-opacity":"","overlay-gradient":""},"tablet":{"background-color":"var(--ast-global-color-5)","background-image":"","background-repeat":"repeat","background-position":"center center","background-size":"auto","background-attachment":"scroll","background-type":"","background-media":"","overlay-type":"","overlay-color":"","overlay-opacity":"","overlay-gradient":""},"mobile":{"background-color":"var(--ast-global-color-5)","background-image":"","background-repeat":"repeat","background-position":"center center","background-size":"auto","background-attachment":"scroll","background-type":"","background-media":"","overlay-type":"","overlay-color":"","overlay-opacity":"","overlay-gradient":""}},"footnotes":""},"class_list":["post-1376","page","type-page","status-publish","hentry"],"aioseo_notices":[],"_hostinger_reach_plugin_has_subscription_block":false,"_hostinger_reach_plugin_is_elementor":false,"uagb_featured_image_src":{"full":false,"thumbnail":false,"medium":false,"medium_large":false,"large":false,"trip-thumb-size":false,"destination-thumb-size":false,"destination-thumb-trip-size":false,"activities-thumb-size":false,"trip-single-size":false,"1536x1536":false,"2048x2048":false,"trp-custom-language-flag":false},"uagb_author_info":{"display_name":"rivieraleoboat@gmail.com","author_link":"https:\/\/leoboat.com\/en\/author\/rivieraleoboatgmail-com\/"},"uagb_comment_info":0,"uagb_excerpt":"Nos Bateaux If you\u2019re looking for the perfect way to enjoy the French Riviera, step aboard one of our boats. Our modern and fully equipped fleet offers both comfort and adventure at sea. Take a closer look at our boats and choose the one that fits your mood \u2014 whether you want to relax under&hellip;","_links":{"self":[{"href":"https:\/\/leoboat.com\/en\/wp-json\/wp\/v2\/pages\/1376","targetHints":{"allow":["GET"]}}],"collection":[{"href":"https:\/\/leoboat.com\/en\/wp-json\/wp\/v2\/pages"}],"about":[{"href":"https:\/\/leoboat.com\/en\/wp-json\/wp\/v2\/types\/page"}],"author":[{"embeddable":true,"href":"https:\/\/leoboat.com\/en\/wp-json\/wp\/v2\/users\/1"}],"replies":[{"embeddable":true,"href":"https:\/\/leoboat.com\/en\/wp-json\/wp\/v2\/comments?post=1376"}],"version-history":[{"count":32,"href":"https:\/\/leoboat.com\/en\/wp-json\/wp\/v2\/pages\/1376\/revisions"}],"predecessor-version":[{"id":1746,"href":"https:\/\/leoboat.com\/en\/wp-json\/wp\/v2\/pages\/1376\/revisions\/1746"}],"wp:attachment":[{"href":"https:\/\/leoboat.com\/en\/wp-json\/wp\/v2\/media?parent=1376"}],"curies":[{"name":"wp","href":"https:\/\/api.w.org\/{rel}","templated":true}]}}